{"id":9,"date":"2023-11-24T10:57:56","date_gmt":"2023-11-24T13:57:56","guid":{"rendered":"http:\/\/trilhas-ad.local\/?page_id=9"},"modified":"2024-01-31T14:36:25","modified_gmt":"2024-01-31T17:36:25","slug":"home","status":"publish","type":"page","link":"https:\/\/artedespertar.org.br\/trilhas\/","title":{"rendered":"Hist\u00f3rias de conex\u00e3o, educa\u00e7\u00e3o e cuidado"},"content":{"rendered":"\n<p>Bem-vindo(s) e bem vinda(s) \u00e0s Trilhas Arte Despertar, uma experi\u00eancia digital que celebra os 25 anos da organiza\u00e7\u00e3o. Nossa plataforma proporciona uma imers\u00e3o profunda nas mem\u00f3rias, aprendizados e contribui\u00e7\u00f5es desta institui\u00e7\u00e3o inspiradora. Priorizando dois pilares fundamentais &#8211; a humaniza\u00e7\u00e3o em sa\u00fade e a arte-educa\u00e7\u00e3o &#8211; as Trilhas Arte Despertar n\u00e3o s\u00e3o apenas um espa\u00e7o virtual, mas um convite a profissionais que desejam mergulhar em experi\u00eancias que transcendem fronteiras e promovem uma abordagem integrada para construir um mundo mais humano e criativo. Ao longo de seis trilhas interconectadas, oferecemos n\u00e3o apenas diferentes perspectivas sobre esses campos, mas tamb\u00e9m destacamos a pot\u00eancia da inter-rela\u00e7\u00e3o entre arte, educa\u00e7\u00e3o e sa\u00fade. Venha se juntar a n\u00f3s nessa jornada \u00fanica, em a arte n\u00e3o \u00e9 apenas terreno f\u00e9rtil, mas tamb\u00e9m semente e fruto de transforma\u00e7\u00f5es inspiradoras.<\/p>\n","protected":false},"excerpt":{"rendered":"<p>Bem-vindo(s) e bem vinda(s) \u00e0s Trilhas Arte Despertar, uma experi\u00eancia digital que celebra os 25 anos da organiza\u00e7\u00e3o. Nossa plataforma proporciona uma imers\u00e3o profunda nas mem\u00f3rias, aprendizados e contribui\u00e7\u00f5es desta institui\u00e7\u00e3o inspiradora. Priorizando dois pilares fundamentais &#8211; a humaniza\u00e7\u00e3o em sa\u00fade e a arte-educa\u00e7\u00e3o &#8211; as Trilhas Arte Despertar n\u00e3o s\u00e3o apenas um espa\u00e7o virtual, [&hellip;]<\/p>\n","protected":false},"author":1,"featured_media":0,"parent":0,"menu_order":0,"comment_status":"closed","ping_status":"closed","template":"template-home.php","meta":{"footnotes":""},"class_list":["post-9","page","type-page","status-publish","hentry"],"acf":[],"yoast_head":"<!-- This site is optimized with the Yoast SEO plugin v21.7 - https:\/\/yoast.com\/wordpress\/plugins\/seo\/ -->\n<title>Trilhas Arte Despertar<\/title>\n<meta name=\"description\" content=\"Depoimentos, materiais de arquivo e recursos pr\u00e1ticos para profissionais de sa\u00fade e arte-educa\u00e7\u00e3o comp\u00f5em o Trilhas Arte Despertar.\" \/>\n<meta name=\"robots\" content=\"index, follow, max-snippet:-1, max-image-preview:large, max-video-preview:-1\" \/>\n<link rel=\"canonical\" href=\"https:\/\/artedespertar.org.br\/trilhas\/\" \/>\n<meta property=\"og:locale\" content=\"pt_BR\" \/>\n<meta property=\"og:type\" content=\"article\" \/>\n<meta property=\"og:title\" content=\"Trilhas Arte Despertar\" \/>\n<meta property=\"og:description\" content=\"Depoimentos, materiais de arquivo e recursos pr\u00e1ticos para profissionais de sa\u00fade e arte-educa\u00e7\u00e3o comp\u00f5em o Trilhas Arte Despertar.\" \/>\n<meta property=\"og:url\" content=\"https:\/\/artedespertar.org.br\/trilhas\/\" \/>\n<meta property=\"og:site_name\" content=\"Trilhas Arte Despertar\" \/>\n<meta property=\"article:modified_time\" content=\"2024-01-31T17:36:25+00:00\" \/>\n<meta name=\"twitter:card\" content=\"summary_large_image\" \/>\n<meta name=\"twitter:label1\" content=\"Est. reading time\" \/>\n\t<meta name=\"twitter:data1\" content=\"1 minuto\" \/>\n<script type=\"application\/ld+json\" class=\"yoast-schema-graph\">{\"@context\":\"https:\/\/schema.org\",\"@graph\":[{\"@type\":\"WebPage\",\"@id\":\"https:\/\/artedespertar.org.br\/trilhas\/\",\"url\":\"https:\/\/artedespertar.org.br\/trilhas\/\",\"name\":\"Trilhas Arte Despertar\",\"isPartOf\":{\"@id\":\"https:\/\/artedespertar.org.br\/trilhas\/#website\"},\"datePublished\":\"2023-11-24T13:57:56+00:00\",\"dateModified\":\"2024-01-31T17:36:25+00:00\",\"description\":\"Depoimentos, materiais de arquivo e recursos pr\u00e1ticos para profissionais de sa\u00fade e arte-educa\u00e7\u00e3o comp\u00f5em o Trilhas Arte Despertar.\",\"breadcrumb\":{\"@id\":\"https:\/\/artedespertar.org.br\/trilhas\/#breadcrumb\"},\"inLanguage\":\"pt-BR\",\"potentialAction\":[{\"@type\":\"ReadAction\",\"target\":[\"https:\/\/artedespertar.org.br\/trilhas\/\"]}]},{\"@type\":\"BreadcrumbList\",\"@id\":\"https:\/\/artedespertar.org.br\/trilhas\/#breadcrumb\",\"itemListElement\":[{\"@type\":\"ListItem\",\"position\":1,\"name\":\"Home\",\"item\":\"https:\/\/artedespertar.org.br\/trilhas\/\"},{\"@type\":\"ListItem\",\"position\":2,\"name\":\"Hist\u00f3rias de conex\u00e3o, educa\u00e7\u00e3o e cuidado\"}]},{\"@type\":\"WebSite\",\"@id\":\"https:\/\/artedespertar.org.br\/trilhas\/#website\",\"url\":\"https:\/\/artedespertar.org.br\/trilhas\/\",\"name\":\"Trilhas Arte Despertar\",\"description\":\"\",\"potentialAction\":[{\"@type\":\"SearchAction\",\"target\":{\"@type\":\"EntryPoint\",\"urlTemplate\":\"https:\/\/artedespertar.org.br\/trilhas\/?s={search_term_string}\"},\"query-input\":\"required name=search_term_string\"}],\"inLanguage\":\"pt-BR\"}]}<\/script>\n<!-- \/ Yoast SEO plugin. -->","yoast_head_json":{"title":"Trilhas Arte Despertar","description":"Depoimentos, materiais de arquivo e recursos pr\u00e1ticos para profissionais de sa\u00fade e arte-educa\u00e7\u00e3o comp\u00f5em o Trilhas Arte Despertar.","robots":{"index":"index","follow":"follow","max-snippet":"max-snippet:-1","max-image-preview":"max-image-preview:large","max-video-preview":"max-video-preview:-1"},"canonical":"https:\/\/artedespertar.org.br\/trilhas\/","og_locale":"pt_BR","og_type":"article","og_title":"Trilhas Arte Despertar","og_description":"Depoimentos, materiais de arquivo e recursos pr\u00e1ticos para profissionais de sa\u00fade e arte-educa\u00e7\u00e3o comp\u00f5em o Trilhas Arte Despertar.","og_url":"https:\/\/artedespertar.org.br\/trilhas\/","og_site_name":"Trilhas Arte Despertar","article_modified_time":"2024-01-31T17:36:25+00:00","twitter_card":"summary_large_image","twitter_misc":{"Est. reading time":"1 minuto"},"schema":{"@context":"https:\/\/schema.org","@graph":[{"@type":"WebPage","@id":"https:\/\/artedespertar.org.br\/trilhas\/","url":"https:\/\/artedespertar.org.br\/trilhas\/","name":"Trilhas Arte Despertar","isPartOf":{"@id":"https:\/\/artedespertar.org.br\/trilhas\/#website"},"datePublished":"2023-11-24T13:57:56+00:00","dateModified":"2024-01-31T17:36:25+00:00","description":"Depoimentos, materiais de arquivo e recursos pr\u00e1ticos para profissionais de sa\u00fade e arte-educa\u00e7\u00e3o comp\u00f5em o Trilhas Arte Despertar.","breadcrumb":{"@id":"https:\/\/artedespertar.org.br\/trilhas\/#breadcrumb"},"inLanguage":"pt-BR","potentialAction":[{"@type":"ReadAction","target":["https:\/\/artedespertar.org.br\/trilhas\/"]}]},{"@type":"BreadcrumbList","@id":"https:\/\/artedespertar.org.br\/trilhas\/#breadcrumb","itemListElement":[{"@type":"ListItem","position":1,"name":"Home","item":"https:\/\/artedespertar.org.br\/trilhas\/"},{"@type":"ListItem","position":2,"name":"Hist\u00f3rias de conex\u00e3o, educa\u00e7\u00e3o e cuidado"}]},{"@type":"WebSite","@id":"https:\/\/artedespertar.org.br\/trilhas\/#website","url":"https:\/\/artedespertar.org.br\/trilhas\/","name":"Trilhas Arte Despertar","description":"","potentialAction":[{"@type":"SearchAction","target":{"@type":"EntryPoint","urlTemplate":"https:\/\/artedespertar.org.br\/trilhas\/?s={search_term_string}"},"query-input":"required name=search_term_string"}],"inLanguage":"pt-BR"}]}},"_links":{"self":[{"href":"https:\/\/artedespertar.org.br\/trilhas\/wp-json\/wp\/v2\/pages\/9"}],"collection":[{"href":"https:\/\/artedespertar.org.br\/trilhas\/wp-json\/wp\/v2\/pages"}],"about":[{"href":"https:\/\/artedespertar.org.br\/trilhas\/wp-json\/wp\/v2\/types\/page"}],"author":[{"embeddable":true,"href":"https:\/\/artedespertar.org.br\/trilhas\/wp-json\/wp\/v2\/users\/1"}],"replies":[{"embeddable":true,"href":"https:\/\/artedespertar.org.br\/trilhas\/wp-json\/wp\/v2\/comments?post=9"}],"version-history":[{"count":9,"href":"https:\/\/artedespertar.org.br\/trilhas\/wp-json\/wp\/v2\/pages\/9\/revisions"}],"predecessor-version":[{"id":2941,"href":"https:\/\/artedespertar.org.br\/trilhas\/wp-json\/wp\/v2\/pages\/9\/revisions\/2941"}],"wp:attachment":[{"href":"https:\/\/artedespertar.org.br\/trilhas\/wp-json\/wp\/v2\/media?parent=9"}],"curies":[{"name":"wp","href":"https:\/\/api.w.org\/{rel}","templated":true}]}}