{"id":1080,"date":"2023-12-20T14:05:23","date_gmt":"2023-12-20T17:05:23","guid":{"rendered":"http:\/\/trilhas-ad.local\/?page_id=1080"},"modified":"2023-12-22T09:45:33","modified_gmt":"2023-12-22T12:45:33","slug":"sobre","status":"publish","type":"page","link":"https:\/\/artedespertar.org.br\/trilhas\/sobre\/","title":{"rendered":"Sobre"},"content":{"rendered":"\n<p><strong>Trilhas Arte Despertar: Hist\u00f3rias de conex\u00e3o, educa\u00e7\u00e3o e cuidado<\/strong> \u00e9 uma experi\u00eancia digital sobre as mem\u00f3rias, aprendizagens e contribui\u00e7\u00f5es da Arte Despertar (AD). Nossa plataforma inovadora mergulha nos 25 anos da organiza\u00e7\u00e3o, apresentando uma rica<strong> colet\u00e2nea de experi\u00eancias e materiais<\/strong> por meio de depoimentos envolventes de colaboradores e parceiros, materiais de arquivo, leituras aprofundadas e recursos pr\u00e1ticos que podem e devem ser adaptados \u00e0s necessidades de quem atua com <strong>humaniza\u00e7\u00e3o em sa\u00fade e arte-educa\u00e7\u00e3o.&nbsp;<\/strong><\/p>\n\n\n\n<p>Acreditamos na import\u00e2ncia de oferecer suporte personalizado, adaptando-se aos interesses e necessidades individuais de cada visitante. Nosso objetivo \u00e9 n\u00e3o apenas proporcionar uma <strong>compreens\u00e3o profunda das a\u00e7\u00f5es da Arte Despertar<\/strong>, mas tamb\u00e9m <strong>capacitar os profissionais<\/strong> a, quando do interesse, replicarem essas pr\u00e1ticas transformadoras.&nbsp;<\/p>\n\n\n\n<p>S\u00e3o seis <strong>trilhas <\/strong>cuidadosamente concebidas em torno de<strong> eixos tem\u00e1ticos interconectados, <\/strong>proporcionando uma imers\u00e3o completa no vasto mundo de <strong><a href=\"https:\/\/artedespertar.org.br\/trilhas\/trilhas\/?trilha=arte-como-linguagem\">linguagens art\u00edsticas<\/a><\/strong>, <strong><a href=\"https:\/\/artedespertar.org.br\/trilhas\/trilhas\/?trilha=educar-com-arte\">arte-educa\u00e7\u00e3o<\/a>, <a href=\"https:\/\/artedespertar.org.br\/trilhas\/trilhas\/?trilha=arte-saude-e-humanizacao\">humaniza\u00e7\u00e3o\u00a0em sa\u00fade<\/a><\/strong> e <strong><a href=\"https:\/\/artedespertar.org.br\/trilhas\/trilhas\/?trilha=formacao-de-profissionais\">forma\u00e7\u00e3o de profissionais<\/a><\/strong> e dos <strong><a href=\"https:\/\/artedespertar.org.br\/trilhas\/trilhas\/?trilha=encontros-e-memorias\">marcos e encontros<\/a><\/strong> que fazem a <strong><a href=\"https:\/\/artedespertar.org.br\/trilhas\/trilhas\/?trilha=percurso-institucional\">hist\u00f3ria da Arte Despertar<\/a><\/strong>. A inter-rela\u00e7\u00e3o entre esses temas estabelece conex\u00f5es entre as trilhas, permitindo que os mesmos assuntos sejam revisitados sob novas perspectivas.\u00a0<\/p>\n\n\n\n<p>Cada trilha \u00e9 um convite para explorar, aprender e, quando desejado, abra\u00e7ar a miss\u00e3o de disseminar a <strong>arte <\/strong>como ferramenta poderosa na educa\u00e7\u00e3o, no acolhimento em sa\u00fade e na forma\u00e7\u00e3o profissional em diferentes setores.&nbsp;<\/p>\n\n\n\n<p>Junte-se a n\u00f3s nessa jornada \u00fanica, onde a arte \u00e9 terreno, semente e fruto de <strong>mudan\u00e7as significativas e inspiradoras.<\/strong><\/p>\n","protected":false},"excerpt":{"rendered":"<p>Trilhas Arte Despertar: Hist\u00f3rias de conex\u00e3o, educa\u00e7\u00e3o e cuidado \u00e9 uma experi\u00eancia digital sobre as mem\u00f3rias, aprendizagens e contribui\u00e7\u00f5es da Arte Despertar (AD). Nossa plataforma inovadora mergulha nos 25 anos da organiza\u00e7\u00e3o, apresentando uma rica colet\u00e2nea de experi\u00eancias e materiais por meio de depoimentos envolventes de colaboradores e parceiros, materiais de arquivo, leituras aprofundadas e [&hellip;]<\/p>\n","protected":false},"author":1,"featured_media":0,"parent":0,"menu_order":0,"comment_status":"closed","ping_status":"closed","template":"template-sobre.php","meta":{"footnotes":""},"class_list":["post-1080","page","type-page","status-publish","hentry"],"acf":[],"yoast_head":"<!-- This site is optimized with the Yoast SEO plugin v21.7 - https:\/\/yoast.com\/wordpress\/plugins\/seo\/ -->\n<title>Sobre | Trilhas Arte Despertar<\/title>\n<meta name=\"robots\" content=\"index, follow, max-snippet:-1, max-image-preview:large, max-video-preview:-1\" \/>\n<link rel=\"canonical\" href=\"https:\/\/artedespertar.org.br\/trilhas\/sobre\/\" \/>\n<meta property=\"og:locale\" content=\"pt_BR\" \/>\n<meta property=\"og:type\" content=\"article\" \/>\n<meta property=\"og:title\" content=\"Sobre | Trilhas Arte Despertar\" \/>\n<meta property=\"og:description\" content=\"Trilhas Arte Despertar: Hist\u00f3rias de conex\u00e3o, educa\u00e7\u00e3o e cuidado \u00e9 uma experi\u00eancia digital sobre as mem\u00f3rias, aprendizagens e contribui\u00e7\u00f5es da Arte Despertar (AD). Nossa plataforma inovadora mergulha nos 25 anos da organiza\u00e7\u00e3o, apresentando uma rica colet\u00e2nea de experi\u00eancias e materiais por meio de depoimentos envolventes de colaboradores e parceiros, materiais de arquivo, leituras aprofundadas e [&hellip;]\" \/>\n<meta property=\"og:url\" content=\"https:\/\/artedespertar.org.br\/trilhas\/sobre\/\" \/>\n<meta property=\"og:site_name\" content=\"Trilhas Arte Despertar\" \/>\n<meta property=\"article:modified_time\" content=\"2023-12-22T12:45:33+00:00\" \/>\n<meta name=\"twitter:card\" content=\"summary_large_image\" \/>\n<meta name=\"twitter:label1\" content=\"Est. reading time\" \/>\n\t<meta name=\"twitter:data1\" content=\"2 minutos\" \/>\n<script type=\"application\/ld+json\" class=\"yoast-schema-graph\">{\"@context\":\"https:\/\/schema.org\",\"@graph\":[{\"@type\":\"WebPage\",\"@id\":\"https:\/\/artedespertar.org.br\/trilhas\/sobre\/\",\"url\":\"https:\/\/artedespertar.org.br\/trilhas\/sobre\/\",\"name\":\"Sobre | Trilhas Arte Despertar\",\"isPartOf\":{\"@id\":\"https:\/\/artedespertar.org.br\/trilhas\/#website\"},\"datePublished\":\"2023-12-20T17:05:23+00:00\",\"dateModified\":\"2023-12-22T12:45:33+00:00\",\"breadcrumb\":{\"@id\":\"https:\/\/artedespertar.org.br\/trilhas\/sobre\/#breadcrumb\"},\"inLanguage\":\"pt-BR\",\"potentialAction\":[{\"@type\":\"ReadAction\",\"target\":[\"https:\/\/artedespertar.org.br\/trilhas\/sobre\/\"]}]},{\"@type\":\"BreadcrumbList\",\"@id\":\"https:\/\/artedespertar.org.br\/trilhas\/sobre\/#breadcrumb\",\"itemListElement\":[{\"@type\":\"ListItem\",\"position\":1,\"name\":\"Home\",\"item\":\"https:\/\/artedespertar.org.br\/trilhas\/\"},{\"@type\":\"ListItem\",\"position\":2,\"name\":\"Sobre\"}]},{\"@type\":\"WebSite\",\"@id\":\"https:\/\/artedespertar.org.br\/trilhas\/#website\",\"url\":\"https:\/\/artedespertar.org.br\/trilhas\/\",\"name\":\"Trilhas Arte Despertar\",\"description\":\"\",\"potentialAction\":[{\"@type\":\"SearchAction\",\"target\":{\"@type\":\"EntryPoint\",\"urlTemplate\":\"https:\/\/artedespertar.org.br\/trilhas\/?s={search_term_string}\"},\"query-input\":\"required name=search_term_string\"}],\"inLanguage\":\"pt-BR\"}]}<\/script>\n<!-- \/ Yoast SEO plugin. -->","yoast_head_json":{"title":"Sobre | Trilhas Arte Despertar","robots":{"index":"index","follow":"follow","max-snippet":"max-snippet:-1","max-image-preview":"max-image-preview:large","max-video-preview":"max-video-preview:-1"},"canonical":"https:\/\/artedespertar.org.br\/trilhas\/sobre\/","og_locale":"pt_BR","og_type":"article","og_title":"Sobre | Trilhas Arte Despertar","og_description":"Trilhas Arte Despertar: Hist\u00f3rias de conex\u00e3o, educa\u00e7\u00e3o e cuidado \u00e9 uma experi\u00eancia digital sobre as mem\u00f3rias, aprendizagens e contribui\u00e7\u00f5es da Arte Despertar (AD). Nossa plataforma inovadora mergulha nos 25 anos da organiza\u00e7\u00e3o, apresentando uma rica colet\u00e2nea de experi\u00eancias e materiais por meio de depoimentos envolventes de colaboradores e parceiros, materiais de arquivo, leituras aprofundadas e [&hellip;]","og_url":"https:\/\/artedespertar.org.br\/trilhas\/sobre\/","og_site_name":"Trilhas Arte Despertar","article_modified_time":"2023-12-22T12:45:33+00:00","twitter_card":"summary_large_image","twitter_misc":{"Est. reading time":"2 minutos"},"schema":{"@context":"https:\/\/schema.org","@graph":[{"@type":"WebPage","@id":"https:\/\/artedespertar.org.br\/trilhas\/sobre\/","url":"https:\/\/artedespertar.org.br\/trilhas\/sobre\/","name":"Sobre | Trilhas Arte Despertar","isPartOf":{"@id":"https:\/\/artedespertar.org.br\/trilhas\/#website"},"datePublished":"2023-12-20T17:05:23+00:00","dateModified":"2023-12-22T12:45:33+00:00","breadcrumb":{"@id":"https:\/\/artedespertar.org.br\/trilhas\/sobre\/#breadcrumb"},"inLanguage":"pt-BR","potentialAction":[{"@type":"ReadAction","target":["https:\/\/artedespertar.org.br\/trilhas\/sobre\/"]}]},{"@type":"BreadcrumbList","@id":"https:\/\/artedespertar.org.br\/trilhas\/sobre\/#breadcrumb","itemListElement":[{"@type":"ListItem","position":1,"name":"Home","item":"https:\/\/artedespertar.org.br\/trilhas\/"},{"@type":"ListItem","position":2,"name":"Sobre"}]},{"@type":"WebSite","@id":"https:\/\/artedespertar.org.br\/trilhas\/#website","url":"https:\/\/artedespertar.org.br\/trilhas\/","name":"Trilhas Arte Despertar","description":"","potentialAction":[{"@type":"SearchAction","target":{"@type":"EntryPoint","urlTemplate":"https:\/\/artedespertar.org.br\/trilhas\/?s={search_term_string}"},"query-input":"required name=search_term_string"}],"inLanguage":"pt-BR"}]}},"_links":{"self":[{"href":"https:\/\/artedespertar.org.br\/trilhas\/wp-json\/wp\/v2\/pages\/1080"}],"collection":[{"href":"https:\/\/artedespertar.org.br\/trilhas\/wp-json\/wp\/v2\/pages"}],"about":[{"href":"https:\/\/artedespertar.org.br\/trilhas\/wp-json\/wp\/v2\/types\/page"}],"author":[{"embeddable":true,"href":"https:\/\/artedespertar.org.br\/trilhas\/wp-json\/wp\/v2\/users\/1"}],"replies":[{"embeddable":true,"href":"https:\/\/artedespertar.org.br\/trilhas\/wp-json\/wp\/v2\/comments?post=1080"}],"version-history":[{"count":3,"href":"https:\/\/artedespertar.org.br\/trilhas\/wp-json\/wp\/v2\/pages\/1080\/revisions"}],"predecessor-version":[{"id":1353,"href":"https:\/\/artedespertar.org.br\/trilhas\/wp-json\/wp\/v2\/pages\/1080\/revisions\/1353"}],"wp:attachment":[{"href":"https:\/\/artedespertar.org.br\/trilhas\/wp-json\/wp\/v2\/media?parent=1080"}],"curies":[{"name":"wp","href":"https:\/\/api.w.org\/{rel}","templated":true}]}}